{"id":2,"date":"2022-02-04T13:09:43","date_gmt":"2022-02-04T13:09:43","guid":{"rendered":"https:\/\/lomake.tpasennus.com\/?page_id=2"},"modified":"2022-04-22T09:27:38","modified_gmt":"2022-04-22T06:27:38","slug":"sample-page","status":"publish","type":"page","link":"https:\/\/lomake.tpasennus.com\/","title":{"rendered":"Palvelukutsutilaus"},"content":{"rendered":"\n<p><\/p>\n\n\n\n<div class=\"wp-block-image\"><figure class=\"aligncenter size-full is-resized\"><img loading=\"lazy\" decoding=\"async\" src=\"https:\/\/lomake.tpasennus.com\/wp-content\/uploads\/2022\/02\/Logo.png\" alt=\"\" class=\"wp-image-10\" width=\"257\" height=\"257\" srcset=\"https:\/\/lomake.tpasennus.com\/wp-content\/uploads\/2022\/02\/Logo.png 754w, https:\/\/lomake.tpasennus.com\/wp-content\/uploads\/2022\/02\/Logo-300x300.png 300w, https:\/\/lomake.tpasennus.com\/wp-content\/uploads\/2022\/02\/Logo-150x150.png 150w\" sizes=\"auto, (max-width: 257px) 100vw, 257px\" \/><\/figure><\/div>\n\n\n\n<h1 class=\"has-text-align-center wp-block-heading\" id=\"palvelukutsu-tilaus\" style=\"font-size:80px;font-style:normal;font-weight:500;text-transform:capitalize\">Palvelukutsutilaus<\/h1>\n\n\n\n<div class=\"wp-block-group is-layout-flow wp-block-group-is-layout-flow\"><div class=\"wpforms-container wpforms-container-full wpforms-block wpf-center\" id=\"wpforms-13\"><form id=\"wpforms-form-13\" class=\"wpforms-validate wpforms-form\" data-formid=\"13\" method=\"post\" enctype=\"multipart\/form-data\" action=\"\/index.php?rest_route=%2Fwp%2Fv2%2Fpages%2F2\" data-token=\"73c12e8bfa88db0166fbf346dbc54d25\"><noscript class=\"wpforms-error-noscript\">Please enable JavaScript in your browser to complete this form.<\/noscript><div class=\"wpforms-field-container\"><div id=\"wpforms-13-field_22-container\" class=\"wpforms-field wpforms-field-html\" data-field-id=\"22\"><div id=\"wpforms-13-field_22\"><h3><strong>Kohteen tiedot<strong><\/strong><\/strong><\/h3><\/div><\/div><div id=\"wpforms-13-field_2-container\" class=\"wpforms-field wpforms-field-text\" data-field-id=\"2\"><label class=\"wpforms-field-label\" for=\"wpforms-13-field_2\">Asiakas <span class=\"wpforms-required-label\">*<\/span><\/label><input type=\"text\" id=\"wpforms-13-field_2\" class=\"wpforms-field-large wpforms-field-required\" name=\"wpforms[fields][2]\" required><\/div><div id=\"wpforms-13-field_28-container\" class=\"wpforms-field wpforms-field-text\" data-field-id=\"28\"><label class=\"wpforms-field-label\" for=\"wpforms-13-field_28\">K\u00e4ytt\u00f6kohteen osoite <span class=\"wpforms-required-label\">*<\/span><\/label><input type=\"text\" id=\"wpforms-13-field_28\" class=\"wpforms-field-large wpforms-field-required\" name=\"wpforms[fields][28]\" required><\/div><div id=\"wpforms-13-field_23-container\" class=\"wpforms-field wpforms-field-checkbox wpforms-conditional-trigger\" data-field-id=\"23\"><label class=\"wpforms-field-label\" for=\"wpforms-13-field_23\">Poikkeava toimitusosoite:<\/label><ul id=\"wpforms-13-field_23\"><li class=\"choice-1 depth-1\"><input type=\"checkbox\" id=\"wpforms-13-field_23_1\" name=\"wpforms[fields][23][]\" value=\"Sy\u00f6t\u00e4 poikkeava toimitusosoite\"  ><label class=\"wpforms-field-label-inline\" for=\"wpforms-13-field_23_1\">Sy\u00f6t\u00e4 poikkeava toimitusosoite<\/label><\/li><\/ul><\/div><div id=\"wpforms-13-field_29-container\" class=\"wpforms-field wpforms-field-text wpforms-conditional-field wpforms-conditional-show\" data-field-id=\"29\" style=\"display:none;\"><label class=\"wpforms-field-label\" for=\"wpforms-13-field_29\">Toimitusosoite <span class=\"wpforms-required-label\">*<\/span><\/label><input type=\"text\" id=\"wpforms-13-field_29\" class=\"wpforms-field-large wpforms-field-required\" name=\"wpforms[fields][29]\" required><\/div><div id=\"wpforms-13-field_1-container\" class=\"wpforms-field wpforms-field-text\" data-field-id=\"1\"><label class=\"wpforms-field-label\" for=\"wpforms-13-field_1\">Asiakkaan yhteyshenkil\u00f6n nimi <span class=\"wpforms-required-label\">*<\/span><\/label><input type=\"text\" id=\"wpforms-13-field_1\" class=\"wpforms-field-large wpforms-field-required\" name=\"wpforms[fields][1]\" required><\/div><div id=\"wpforms-13-field_0-container\" class=\"wpforms-field wpforms-field-phone\" data-field-id=\"0\"><label class=\"wpforms-field-label\" for=\"wpforms-13-field_0\">Puhelinnumero (postin saapumisilmoitusta varten) <span class=\"wpforms-required-label\">*<\/span><\/label><input type=\"tel\" id=\"wpforms-13-field_0\" class=\"wpforms-field-large wpforms-field-required\" data-rule-int-phone-field=\"true\" name=\"wpforms[fields][0]\" required><\/div><div id=\"wpforms-13-field_4-container\" class=\"wpforms-field wpforms-field-email\" data-field-id=\"4\"><label class=\"wpforms-field-label\" for=\"wpforms-13-field_4\">S\u00e4hk\u00f6posti<\/label><input type=\"email\" id=\"wpforms-13-field_4\" class=\"wpforms-field-large\" name=\"wpforms[fields][4]\" spellcheck=\"false\" ><\/div><div id=\"wpforms-13-field_17-container\" class=\"wpforms-field wpforms-field-html\" data-field-id=\"17\"><div id=\"wpforms-13-field_17\"><h3><strong>Asetukset<strong><\/strong><\/strong><\/h3><\/div><\/div><div id=\"wpforms-13-field_9-container\" class=\"wpforms-field wpforms-field-textarea\" data-field-id=\"9\"><label class=\"wpforms-field-label\" for=\"wpforms-13-field_9\">Nauhoitettava \u00e4\u00e4niviesti <span class=\"wpforms-required-label\">*<\/span><\/label><textarea id=\"wpforms-13-field_9\" class=\"wpforms-field-medium wpforms-field-required\" name=\"wpforms[fields][9]\" required><\/textarea><div class=\"wpforms-field-description\">Hyv\u00e4 viesti on lyhyt ja yksiselitteinen<\/div><\/div><div id=\"wpforms-13-field_6-container\" class=\"wpforms-field wpforms-field-text\" data-field-id=\"6\"><label class=\"wpforms-field-label\" for=\"wpforms-13-field_6\">Radiokanava, jolle viesti l\u00e4hetet\u00e4\u00e4n (v\u00e4lilt\u00e4 1-16) <span class=\"wpforms-required-label\">*<\/span><\/label><input type=\"text\" id=\"wpforms-13-field_6\" class=\"wpforms-field-large wpforms-field-required\" name=\"wpforms[fields][6]\" required><\/div><div id=\"wpforms-13-field_26-container\" class=\"wpforms-field wpforms-field-checkbox wpforms-list-3-columns\" data-field-id=\"26\"><label class=\"wpforms-field-label\" for=\"wpforms-13-field_26\">Asennustapa <span class=\"wpforms-required-label\">*<\/span><\/label><ul id=\"wpforms-13-field_26\" class=\"wpforms-field-required wpforms-image-choices wpforms-image-choices-modern\" data-choice-limit=\"1\"><li class=\"choice-1 depth-1 wpforms-image-choices-item wpforms-selected\"><label class=\"wpforms-field-label-inline\" for=\"wpforms-13-field_26_1\" tabindex=\"0\"><span class=\"wpforms-image-choices-image\"><img decoding=\"async\" src=\"https:\/\/lomake.tpasennus.com\/wp-content\/uploads\/2022\/04\/Vaaka-1.jpg\" alt=\"p\u00f6yt\u00e4asennus (vaaka)\" title=\"p\u00f6yt\u00e4asennus (vaaka)\"><\/span><input type=\"checkbox\" id=\"wpforms-13-field_26_1\" class=\"wpforms-screen-reader-element\" data-rule-check-limit=\"true\" name=\"wpforms[fields][26][]\" value=\"p\u00f6yt\u00e4asennus (vaaka)\" tabindex=\"-1\" required  checked='checked'><span class=\"wpforms-image-choices-label\">p\u00f6yt\u00e4asennus (vaaka)<\/span><\/label><\/li><li class=\"choice-2 depth-1 wpforms-image-choices-item\"><label class=\"wpforms-field-label-inline\" for=\"wpforms-13-field_26_2\" tabindex=\"0\"><span class=\"wpforms-image-choices-image\"><img decoding=\"async\" src=\"https:\/\/lomake.tpasennus.com\/wp-content\/uploads\/2022\/04\/Pysty-1.jpg\" alt=\"Sein\u00e4kiinnitys (pysty)\" title=\"Sein\u00e4kiinnitys (pysty)\"><\/span><input type=\"checkbox\" id=\"wpforms-13-field_26_2\" class=\"wpforms-screen-reader-element\" data-rule-check-limit=\"true\" name=\"wpforms[fields][26][]\" value=\"Sein\u00e4kiinnitys (pysty)\" tabindex=\"-1\" required ><span class=\"wpforms-image-choices-label\">Sein\u00e4kiinnitys (pysty)<\/span><\/label><\/li><li class=\"choice-3 depth-1 wpforms-image-choices-item\"><label class=\"wpforms-field-label-inline\" for=\"wpforms-13-field_26_3\" tabindex=\"0\"><span class=\"wpforms-image-choices-image\"><img decoding=\"async\" src=\"https:\/\/lomake.tpasennus.com\/wp-content\/uploads\/2024\/03\/ulko.jpg\" alt=\"Erillinen ulkokotelo\" title=\"Erillinen ulkokotelo\"><\/span><input type=\"checkbox\" id=\"wpforms-13-field_26_3\" class=\"wpforms-screen-reader-element\" data-rule-check-limit=\"true\" name=\"wpforms[fields][26][]\" value=\"Erillinen ulkokotelo\" tabindex=\"-1\" required ><span class=\"wpforms-image-choices-label\">Erillinen ulkokotelo<\/span><\/label><\/li><\/ul><\/div><div id=\"wpforms-13-field_12-container\" class=\"wpforms-field wpforms-field-select wpforms-conditional-trigger wpforms-field-select-style-classic\" data-field-id=\"12\"><label class=\"wpforms-field-label\" for=\"wpforms-13-field_12\">Aktivointitapa<\/label><select id=\"wpforms-13-field_12\" class=\"wpforms-field-medium\" name=\"wpforms[fields][12]\"><option value=\"Painonappi (oletus)\" >Painonappi (oletus)<\/option><option value=\"Kosketintieto (pullokone)\" >Kosketintieto (pullokone)<\/option><option value=\"Painonappi, ulosviety\" >Painonappi, ulosviety<\/option><\/select><\/div><div id=\"wpforms-13-field_31-container\" class=\"wpforms-field wpforms-field-number wpforms-conditional-field wpforms-conditional-show\" data-field-id=\"31\" style=\"display:none;\"><label class=\"wpforms-field-label\" for=\"wpforms-13-field_31\">Haluttu kaapelin pituus (metri\u00e4)<\/label><input type=\"number\" pattern=\"\\d*\" id=\"wpforms-13-field_31\" class=\"wpforms-field-medium\" name=\"wpforms[fields][31]\" value=\"10\" placeholder=\"Oletus 10m, max 50m\" ><div class=\"wpforms-field-description\">Oletus 10m, maksimi 50m<\/div><\/div><div id=\"wpforms-13-field_13-container\" class=\"wpforms-field wpforms-field-select wpforms-conditional-field wpforms-conditional-hide wpforms-field-select-style-classic\" data-field-id=\"13\"><label class=\"wpforms-field-label\" for=\"wpforms-13-field_13\">R\u00e4mpytyksenestoviive<\/label><select id=\"wpforms-13-field_13\" class=\"wpforms-field-medium\" name=\"wpforms[fields][13]\"><option value=\"Oletus: 45 sek.\" >Oletus: 45 sek.<\/option><option value=\"5 sek.\" >5 sek.<\/option><option value=\"30 sek.\" >30 sek.<\/option><option value=\"60 sek.\" >60 sek.<\/option><\/select><\/div><div id=\"wpforms-13-field_20-container\" class=\"wpforms-field wpforms-field-textarea\" data-field-id=\"20\"><label class=\"wpforms-field-label\" for=\"wpforms-13-field_20\">Lis\u00e4tietoja<\/label><textarea id=\"wpforms-13-field_20\" class=\"wpforms-field-medium\" name=\"wpforms[fields][20]\" ><\/textarea><\/div><div id=\"wpforms-13-field_21-container\" class=\"wpforms-field wpforms-field-email\" data-field-id=\"21\"><label class=\"wpforms-field-label\" for=\"wpforms-13-field_21\">Myyj\u00e4n s\u00e4hk\u00f6posti (saa kopion tilauksesta) <span class=\"wpforms-required-label\">*<\/span><\/label><input type=\"email\" id=\"wpforms-13-field_21\" class=\"wpforms-field-medium wpforms-field-required\" name=\"wpforms[fields][21]\" spellcheck=\"false\" required><\/div><div id=\"wpforms-13-field_18-container\" class=\"wpforms-field wpforms-field-html\" data-field-id=\"18\"><div id=\"wpforms-13-field_18\"><h3><strong>Laskutus<strong><\/strong><\/strong><\/h3>\r\n<p>(laskutustiedot eiv\u00e4t v\u00e4lity kokoonpanoon)<p><\/p><\/p><\/div><\/div><div id=\"wpforms-13-field_3-container\" class=\"wpforms-field wpforms-field-text\" data-field-id=\"3\"><label class=\"wpforms-field-label\" for=\"wpforms-13-field_3\">Aloitusmaksu<\/label><input type=\"text\" id=\"wpforms-13-field_3\" class=\"wpforms-field-large\" name=\"wpforms[fields][3]\" ><\/div><div id=\"wpforms-13-field_19-container\" class=\"wpforms-field wpforms-field-text\" data-field-id=\"19\"><label class=\"wpforms-field-label\" for=\"wpforms-13-field_19\">Kuukausimaksu<\/label><input type=\"text\" id=\"wpforms-13-field_19\" class=\"wpforms-field-large\" name=\"wpforms[fields][19]\" ><\/div><div id=\"wpforms-13-field_25-container\" class=\"wpforms-field wpforms-field-text\" data-field-id=\"25\"><label class=\"wpforms-field-label\" for=\"wpforms-13-field_25\">Laskutus alkaa (kk)<\/label><input type=\"text\" id=\"wpforms-13-field_25\" class=\"wpforms-field-medium\" name=\"wpforms[fields][25]\" ><\/div><\/div><!-- .wpforms-field-container --><div class=\"wpforms-recaptcha-container wpforms-is-recaptcha wpforms-is-recaptcha-type-v2\" ><div class=\"g-recaptcha\" data-sitekey=\"6Le5LJwqAAAAAFNubrRYFPQ6zqLt5jumajN3S3xH\"><\/div><input type=\"text\" name=\"g-recaptcha-hidden\" class=\"wpforms-recaptcha-hidden\" style=\"position:absolute!important;clip:rect(0,0,0,0)!important;height:1px!important;width:1px!important;border:0!important;overflow:hidden!important;padding:0!important;margin:0!important;\" data-rule-recaptcha=\"1\"><\/div><div class=\"wpforms-submit-container\" ><input type=\"hidden\" name=\"wpforms[id]\" value=\"13\"><input type=\"hidden\" name=\"wpforms[author]\" value=\"1\"><button type=\"submit\" name=\"wpforms[submit]\" id=\"wpforms-submit-13\" class=\"wpforms-submit\" data-alt-text=\"L\u00e4hetet\u00e4\u00e4n\" data-submit-text=\"L\u00e4het\u00e4\" aria-live=\"assertive\" value=\"wpforms-submit\">L\u00e4het\u00e4<\/button><\/div><\/form><\/div>  <!-- .wpforms-container --><\/div>\n","protected":false},"excerpt":{"rendered":"<p>Palvelukutsutilaus<\/p>\n","protected":false},"author":1,"featured_media":0,"parent":0,"menu_order":0,"comment_status":"closed","ping_status":"open","template":"blank","meta":{"footnotes":""},"class_list":["post-2","page","type-page","status-publish","hentry"],"_links":{"self":[{"href":"https:\/\/lomake.tpasennus.com\/index.php?rest_route=\/wp\/v2\/pages\/2","targetHints":{"allow":["GET"]}}],"collection":[{"href":"https:\/\/lomake.tpasennus.com\/index.php?rest_route=\/wp\/v2\/pages"}],"about":[{"href":"https:\/\/lomake.tpasennus.com\/index.php?rest_route=\/wp\/v2\/types\/page"}],"author":[{"embeddable":true,"href":"https:\/\/lomake.tpasennus.com\/index.php?rest_route=\/wp\/v2\/users\/1"}],"replies":[{"embeddable":true,"href":"https:\/\/lomake.tpasennus.com\/index.php?rest_route=%2Fwp%2Fv2%2Fcomments&post=2"}],"version-history":[{"count":6,"href":"https:\/\/lomake.tpasennus.com\/index.php?rest_route=\/wp\/v2\/pages\/2\/revisions"}],"predecessor-version":[{"id":42,"href":"https:\/\/lomake.tpasennus.com\/index.php?rest_route=\/wp\/v2\/pages\/2\/revisions\/42"}],"wp:attachment":[{"href":"https:\/\/lomake.tpasennus.com\/index.php?rest_route=%2Fwp%2Fv2%2Fmedia&parent=2"}],"curies":[{"name":"wp","href":"https:\/\/api.w.org\/{rel}","templated":true}]}}